{"id":472,"date":"2017-08-29T12:57:22","date_gmt":"2017-08-29T12:57:22","guid":{"rendered":"http:\/\/bombay.net.co\/sitio\/?page_id=472"},"modified":"2023-02-28T14:51:06","modified_gmt":"2023-02-28T14:51:06","slug":"aviso-de-privacidad","status":"publish","type":"page","link":"https:\/\/bombay.net.co\/sitio\/aviso-de-privacidad\/","title":{"rendered":"AVISO DE PRIVACIDAD"},"content":{"rendered":"\t\t<div data-elementor-type=\"wp-page\" data-elementor-id=\"472\" class=\"elementor elementor-472\" data-elementor-post-type=\"page\">\n\t\t\t\t\t\t<section class=\"elementor-section elementor-top-section elementor-element elementor-element-37d032e5 elementor-section-boxed elementor-section-height-default elementor-section-height-default\" data-id=\"37d032e5\" data-element_type=\"section\">\n\t\t\t\t\t\t<div class=\"elementor-container elementor-column-gap-default\">\n\t\t\t\t\t<div class=\"elementor-column elementor-col-100 elementor-top-column elementor-element elementor-element-62cb6d8f\" data-id=\"62cb6d8f\" data-element_type=\"column\">\n\t\t\t<div class=\"elementor-widget-wrap elementor-element-populated\">\n\t\t\t\t\t\t<div class=\"elementor-element elementor-element-628dee0 elementor-widget elementor-widget-text-editor\" data-id=\"628dee0\" data-element_type=\"widget\" data-widget_type=\"text-editor.default\">\n\t\t\t\t\t\t\t\t\t<h1 style=\"text-align: center;\">AVISO DE PRIVACIDAD<\/h1>\r\nEn cumplimiento de la Ley Estatutaria 1581 de 2.012 de Protecci\u00f3n de Datos (LEPD) y normas que la reglamenten, el presente Aviso de Privacidad tiene como objeto obtener la autorizaci\u00f3n expresa e informada del Titular para el tratamiento y la transferencia de sus datos a terceras entidades. Las condiciones del tratamiento son las siguientes:\r\n\r\n<strong>1<\/strong>. <strong>(CACHARRER\u00cdA BOMBAY S.A.)<\/strong> identificada con el NIT <strong> 890905695-2, <\/strong>ser\u00e1 el responsable del tratamiento de sus datos personales.\r\n\r\n<strong>2<\/strong>. Con objeto de recibir una atenci\u00f3n integral como cliente, los datos personales recabados ser\u00e1n tratados con las siguientes finalidades de realizar gesti\u00f3n de clientes, gesti\u00f3n administrativa, prospecci\u00f3n comercial, fidelizaci\u00f3n de clientes, marketing, encuestas de opini\u00f3n, publicidad propia, venta a distancia, comercio electr\u00f3nico y \u00e9l env\u00edo de comunicaciones comerciales sobre nuestros productos y\/o Servicios.\r\n\r\n<strong>3.<\/strong> Es de car\u00e1cter facultativo suministrar informaci\u00f3n que verse sobre Datos Sensibles, entendidos como aquellos que afectan la intimidad o generen alg\u00fan tipo de discriminaci\u00f3n, o sobre menores de edad.\r\n\r\n<strong>4.<\/strong> La pol\u00edtica de tratamiento de los datos del Titular, as\u00ed como los cambios sustanciales que se produzcan en \u00e9sta, se podr\u00e1n consultar en el siguiente correo electr\u00f3nico: <strong>protecciondatos@bombay.com.co<\/strong> o a trav\u00e9s de la p\u00e1gina web <strong>www.bombay.com.co.<\/strong>\r\n\r\n<strong>5.<\/strong> El Titular puede ejercitar los derechos de acceso, correcci\u00f3n, supresi\u00f3n, revocaci\u00f3n o reclamo por infracci\u00f3n sobre sus datos con un escrito dirigido a <strong>(CACHARRER\u00cdA BOMBAY S.A<\/strong>.) a la direcci\u00f3n de correo electr\u00f3nico <strong>protecciondatos@bombay.com<\/strong>.<strong>co<\/strong> indicando en el asunto el derecho que desea ejercitar; o mediante correo ordinario remitido a la <strong>Calle 47 # 52-25 CACHARRER\u00cdA BOMBAY S.A. Medell\u00edn, Antioquia.<\/strong>\r\n\r\n&nbsp;\r\n\r\n&nbsp;\t\t\t\t\t\t\t\t<\/div>\n\t\t\t\t\t<\/div>\n\t\t<\/div>\n\t\t\t\t\t<\/div>\n\t\t<\/section>\n\t\t\t\t<\/div>\n\t\t","protected":false},"excerpt":{"rendered":"<p>AVISO DE PRIVACIDAD En cumplimiento de la Ley Estatutaria 1581 de 2.012 de Protecci\u00f3n de Datos (LEPD) y normas que la reglamenten, el presente Aviso de Privacidad tiene como objeto obtener la autorizaci\u00f3n expresa e informada del Titular para el tratamiento y la transferencia de sus datos a terceras entidades. Las condiciones del tratamiento son [&hellip;]<\/p>\n","protected":false},"author":5,"featured_media":0,"parent":0,"menu_order":0,"comment_status":"closed","ping_status":"open","template":"","meta":{"footnotes":""},"class_list":["post-472","page","type-page","status-publish","hentry"],"_links":{"self":[{"href":"https:\/\/bombay.net.co\/sitio\/wp-json\/wp\/v2\/pages\/472","targetHints":{"allow":["GET"]}}],"collection":[{"href":"https:\/\/bombay.net.co\/sitio\/wp-json\/wp\/v2\/pages"}],"about":[{"href":"https:\/\/bombay.net.co\/sitio\/wp-json\/wp\/v2\/types\/page"}],"author":[{"embeddable":true,"href":"https:\/\/bombay.net.co\/sitio\/wp-json\/wp\/v2\/users\/5"}],"replies":[{"embeddable":true,"href":"https:\/\/bombay.net.co\/sitio\/wp-json\/wp\/v2\/comments?post=472"}],"version-history":[{"count":0,"href":"https:\/\/bombay.net.co\/sitio\/wp-json\/wp\/v2\/pages\/472\/revisions"}],"wp:attachment":[{"href":"https:\/\/bombay.net.co\/sitio\/wp-json\/wp\/v2\/media?parent=472"}],"curies":[{"name":"wp","href":"https:\/\/api.w.org\/{rel}","templated":true}]}}