{"id":62819,"date":"2022-09-05T21:36:14","date_gmt":"2022-09-05T21:36:14","guid":{"rendered":"https:\/\/bombay.net.co\/sitio\/?page_id=62819"},"modified":"2025-08-22T16:15:28","modified_gmt":"2025-08-22T16:15:28","slug":"contacto","status":"publish","type":"page","link":"https:\/\/bombay.net.co\/sitio\/contacto\/","title":{"rendered":"Contacto"},"content":{"rendered":"\t\t<div data-elementor-type=\"wp-page\" data-elementor-id=\"62819\" class=\"elementor elementor-62819\" data-elementor-post-type=\"page\">\n\t\t\t\t\t\t<section class=\"elementor-section elementor-top-section elementor-element elementor-element-3bb0b0e elementor-section-height-min-height elementor-section-boxed elementor-section-height-default elementor-section-items-middle\" data-id=\"3bb0b0e\" data-element_type=\"section\" data-settings=\"{&quot;background_background&quot;:&quot;classic&quot;,&quot;animation&quot;:&quot;none&quot;,&quot;animation_delay&quot;:300}\">\n\t\t\t\t\t\t\t<div class=\"elementor-background-overlay\"><\/div>\n\t\t\t\t\t\t\t<div class=\"elementor-container elementor-column-gap-default\">\n\t\t\t\t\t<div class=\"elementor-column elementor-col-100 elementor-top-column elementor-element elementor-element-8b4e1cf\" data-id=\"8b4e1cf\" data-element_type=\"column\">\n\t\t\t<div class=\"elementor-widget-wrap elementor-element-populated\">\n\t\t\t\t\t\t<div class=\"elementor-element elementor-element-a0c0042 elementor-widget elementor-widget-image\" data-id=\"a0c0042\" data-element_type=\"widget\" data-widget_type=\"image.default\">\n\t\t\t\t\t\t\t\t\t\t\t\t\t\t\t<img fetchpriority=\"high\" decoding=\"async\" width=\"800\" height=\"232\" src=\"https:\/\/bombay.net.co\/sitio\/wp-content\/smush-webp\/2022\/09\/textoEstamosparTi.png.webp\" class=\"attachment-large size-large wp-image-63069\" alt=\"\" srcset=\"https:\/\/bombay.net.co\/sitio\/wp-content\/smush-webp\/2022\/09\/textoEstamosparTi.png.webp 800w, https:\/\/bombay.net.co\/sitio\/wp-content\/uploads\/2022\/09\/textoEstamosparTi-300x87.png 300w, https:\/\/bombay.net.co\/sitio\/wp-content\/uploads\/2022\/09\/textoEstamosparTi-768x223.png 768w, https:\/\/bombay.net.co\/sitio\/wp-content\/uploads\/2022\/09\/textoEstamosparTi-600x174.png 600w, https:\/\/bombay.net.co\/sitio\/wp-content\/uploads\/2022\/09\/textoEstamosparTi-64x19.png 64w\" sizes=\"(max-width: 800px) 100vw, 800px\" \/ loading=\"lazy\" data-smush-webp-fallback=\"{&quot;src&quot;:&quot;https:\\\/\\\/bombay.net.co\\\/sitio\\\/wp-content\\\/uploads\\\/2022\\\/09\\\/textoEstamosparTi.png&quot;,&quot;srcset&quot;:&quot;https:\\\/\\\/bombay.net.co\\\/sitio\\\/wp-content\\\/uploads\\\/2022\\\/09\\\/textoEstamosparTi.png 800w, https:\\\/\\\/bombay.net.co\\\/sitio\\\/wp-content\\\/uploads\\\/2022\\\/09\\\/textoEstamosparTi-300x87.png 300w, https:\\\/\\\/bombay.net.co\\\/sitio\\\/wp-content\\\/uploads\\\/2022\\\/09\\\/textoEstamosparTi-768x223.png 768w, https:\\\/\\\/bombay.net.co\\\/sitio\\\/wp-content\\\/uploads\\\/2022\\\/09\\\/textoEstamosparTi-600x174.png 600w, https:\\\/\\\/bombay.net.co\\\/sitio\\\/wp-content\\\/uploads\\\/2022\\\/09\\\/textoEstamosparTi-64x19.png 64w&quot;}\">\t\t\t\t\t\t\t\t\t\t\t\t\t\t\t<\/div>\n\t\t\t\t<div class=\"elementor-element elementor-element-1e265e6 elementor-widget__width-auto elementor-absolute elementor-widget elementor-widget-image\" data-id=\"1e265e6\" data-element_type=\"widget\" data-settings=\"{&quot;_position&quot;:&quot;absolute&quot;}\" data-widget_type=\"image.default\">\n\t\t\t\t\t\t\t\t\t\t\t\t\t\t\t<img loading=\"lazy\" decoding=\"async\" width=\"600\" height=\"349\" src=\"https:\/\/bombay.net.co\/sitio\/wp-content\/smush-webp\/2022\/09\/hiloAguja.png.webp\" class=\"attachment-large size-large wp-image-63071\" alt=\"\" srcset=\"https:\/\/bombay.net.co\/sitio\/wp-content\/smush-webp\/2022\/09\/hiloAguja.png.webp 600w, https:\/\/bombay.net.co\/sitio\/wp-content\/uploads\/2022\/09\/hiloAguja-300x175.png 300w, https:\/\/bombay.net.co\/sitio\/wp-content\/uploads\/2022\/09\/hiloAguja-64x37.png 64w\" sizes=\"auto, (max-width: 600px) 100vw, 600px\" loading=\"lazy\" data-smush-webp-fallback=\"{&quot;src&quot;:&quot;https:\\\/\\\/bombay.net.co\\\/sitio\\\/wp-content\\\/uploads\\\/2022\\\/09\\\/hiloAguja.png&quot;,&quot;srcset&quot;:&quot;https:\\\/\\\/bombay.net.co\\\/sitio\\\/wp-content\\\/uploads\\\/2022\\\/09\\\/hiloAguja.png 600w, https:\\\/\\\/bombay.net.co\\\/sitio\\\/wp-content\\\/uploads\\\/2022\\\/09\\\/hiloAguja-300x175.png 300w, https:\\\/\\\/bombay.net.co\\\/sitio\\\/wp-content\\\/uploads\\\/2022\\\/09\\\/hiloAguja-64x37.png 64w&quot;}\" \/>\t\t\t\t\t\t\t\t\t\t\t\t\t\t\t<\/div>\n\t\t\t\t\t<\/div>\n\t\t<\/div>\n\t\t\t\t\t<\/div>\n\t\t<\/section>\n\t\t\t\t<section class=\"elementor-section elementor-top-section elementor-element elementor-element-dfcce4d elementor-section-full_width elementor-section-height-default elementor-section-height-default\" data-id=\"dfcce4d\" data-element_type=\"section\">\n\t\t\t\t\t\t<div class=\"elementor-container elementor-column-gap-no\">\n\t\t\t\t\t<div class=\"elementor-column elementor-col-100 elementor-top-column elementor-element elementor-element-bd00fb8\" data-id=\"bd00fb8\" data-element_type=\"column\">\n\t\t\t<div class=\"elementor-widget-wrap elementor-element-populated\">\n\t\t\t\t\t\t<section class=\"elementor-section elementor-inner-section elementor-element elementor-element-d812645 elementor-section-boxed elementor-section-height-default elementor-section-height-default\" data-id=\"d812645\" data-element_type=\"section\">\n\t\t\t\t\t\t<div class=\"elementor-container elementor-column-gap-no\">\n\t\t\t\t\t<div class=\"elementor-column elementor-col-100 elementor-inner-column elementor-element elementor-element-2b52212\" data-id=\"2b52212\" data-element_type=\"column\">\n\t\t\t<div class=\"elementor-widget-wrap elementor-element-populated\">\n\t\t\t\t\t\t<div class=\"elementor-element elementor-element-bcf7ea7 elementor-widget-divider--view-line_text elementor-widget-divider--element-align-center elementor-widget elementor-widget-divider\" data-id=\"bcf7ea7\" data-element_type=\"widget\" data-widget_type=\"divider.default\">\n\t\t\t\t\t\t\t<div class=\"elementor-divider\">\n\t\t\t<span class=\"elementor-divider-separator\">\n\t\t\t\t\t\t\t<h2 class=\"elementor-divider__text elementor-divider__element\">\n\t\t\t\tCont\u00e1ctanos\t\t\t\t<\/h2>\n\t\t\t\t\t\t<\/span>\n\t\t<\/div>\n\t\t\t\t\t\t<\/div>\n\t\t\t\t\t<\/div>\n\t\t<\/div>\n\t\t\t\t\t<\/div>\n\t\t<\/section>\n\t\t\t\t<section class=\"elementor-section elementor-inner-section elementor-element elementor-element-9362e9c elementor-section-boxed elementor-section-height-default elementor-section-height-default\" data-id=\"9362e9c\" data-element_type=\"section\">\n\t\t\t\t\t\t<div class=\"elementor-container elementor-column-gap-no\">\n\t\t\t\t\t<div class=\"elementor-column elementor-col-50 elementor-inner-column elementor-element elementor-element-bf0b31c\" data-id=\"bf0b31c\" data-element_type=\"column\">\n\t\t\t<div class=\"elementor-widget-wrap elementor-element-populated\">\n\t\t\t\t\t\t<div class=\"elementor-element elementor-element-fa80b8f elementor-widget elementor-widget-heading\" data-id=\"fa80b8f\" data-element_type=\"widget\" data-widget_type=\"heading.default\">\n\t\t\t\t\t<h2 class=\"elementor-heading-title elementor-size-default\">Nuestras sedes<\/h2>\t\t\t\t<\/div>\n\t\t\t\t<div class=\"elementor-element elementor-element-9192561 elementor-widget elementor-widget-text-editor\" data-id=\"9192561\" data-element_type=\"widget\" data-widget_type=\"text-editor.default\">\n\t\t\t\t\t\t\t\t\t<p><strong>Sede principal &#8211; Centro de Medell\u00edn<br \/><\/strong><strong>PBX:<\/strong> 604 514 6500\u00a0<br \/><strong>Direcci\u00f3n:<\/strong> Calle 47 No. 52-25, Medell\u00edn, Colombia.<\/p><p><strong>Sede Poblado<br \/><\/strong><strong>Tel\u00e9fono:<\/strong> 604 320 5431<br \/><strong>Direci\u00f3n:<\/strong> Crra 43B No. 11-50, Barrio Manila Calle de la buena mesa, Poblado, Colombia<\/p>\t\t\t\t\t\t\t\t<\/div>\n\t\t\t\t\t<\/div>\n\t\t<\/div>\n\t\t\t\t<div class=\"elementor-column elementor-col-50 elementor-inner-column elementor-element elementor-element-9164237\" data-id=\"9164237\" data-element_type=\"column\">\n\t\t\t<div class=\"elementor-widget-wrap elementor-element-populated\">\n\t\t\t\t\t\t<div class=\"elementor-element elementor-element-7ddd815 elementor-button-align-stretch elementor-widget elementor-widget-form\" data-id=\"7ddd815\" data-element_type=\"widget\" data-settings=\"{&quot;step_next_label&quot;:&quot;Next&quot;,&quot;step_previous_label&quot;:&quot;Previous&quot;,&quot;button_width&quot;:&quot;100&quot;,&quot;step_type&quot;:&quot;number_text&quot;,&quot;step_icon_shape&quot;:&quot;circle&quot;}\" data-widget_type=\"form.default\">\n\t\t\t\t\t\t\t<form class=\"elementor-form\" method=\"post\" name=\"Formulario de contacto\" aria-label=\"Formulario de contacto\">\n\t\t\t<input type=\"hidden\" name=\"post_id\" value=\"62819\"\/>\n\t\t\t<input type=\"hidden\" name=\"form_id\" value=\"7ddd815\"\/>\n\t\t\t<input type=\"hidden\" name=\"referer_title\" value=\"\" \/>\n\n\t\t\t\n\t\t\t<div class=\"elementor-form-fields-wrapper elementor-labels-above\">\n\t\t\t\t\t\t\t\t<div class=\"elementor-field-type-text elementor-field-group elementor-column elementor-field-group-name elementor-col-100\">\n\t\t\t\t\t\t\t\t\t\t\t\t<label for=\"form-field-name\" class=\"elementor-field-label\">\n\t\t\t\t\t\t\t\tNombre\t\t\t\t\t\t\t<\/label>\n\t\t\t\t\t\t\t\t\t\t\t\t\t\t<input size=\"1\" type=\"text\" name=\"form_fields[name]\" id=\"form-field-name\" class=\"elementor-field elementor-size-sm  elementor-field-textual\" placeholder=\"Ej. Juan P\u00e9rez\">\n\t\t\t\t\t\t\t\t\t\t\t<\/div>\n\t\t\t\t\t\t\t\t<div class=\"elementor-field-type-tel elementor-field-group elementor-column elementor-field-group-field_f0ebf7b elementor-col-100\">\n\t\t\t\t\t\t\t\t\t\t\t\t<label for=\"form-field-field_f0ebf7b\" class=\"elementor-field-label\">\n\t\t\t\t\t\t\t\tTel\u00e9fono\t\t\t\t\t\t\t<\/label>\n\t\t\t\t\t\t\t\t<input size=\"1\" type=\"tel\" name=\"form_fields[field_f0ebf7b]\" id=\"form-field-field_f0ebf7b\" class=\"elementor-field elementor-size-sm  elementor-field-textual\" placeholder=\"Ej. 300 000 0000\" pattern=\"[0-9()#&amp;+*-=.]+\" title=\"Only numbers and phone characters (#, -, *, etc) are accepted.\">\n\n\t\t\t\t\t\t<\/div>\n\t\t\t\t\t\t\t\t<div class=\"elementor-field-type-email elementor-field-group elementor-column elementor-field-group-email elementor-col-100 elementor-field-required\">\n\t\t\t\t\t\t\t\t\t\t\t\t<label for=\"form-field-email\" class=\"elementor-field-label\">\n\t\t\t\t\t\t\t\tCorreo Electr\u00f3nico\t\t\t\t\t\t\t<\/label>\n\t\t\t\t\t\t\t\t\t\t\t\t\t\t<input size=\"1\" type=\"email\" name=\"form_fields[email]\" id=\"form-field-email\" class=\"elementor-field elementor-size-sm  elementor-field-textual\" placeholder=\"Ej. name@bombay.com\" required=\"required\">\n\t\t\t\t\t\t\t\t\t\t\t<\/div>\n\t\t\t\t\t\t\t\t<div class=\"elementor-field-type-text elementor-field-group elementor-column elementor-field-group-field_29b04f9 elementor-col-100\">\n\t\t\t\t\t\t\t\t\t\t\t\t<label for=\"form-field-field_29b04f9\" class=\"elementor-field-label\">\n\t\t\t\t\t\t\t\tAsunto\t\t\t\t\t\t\t<\/label>\n\t\t\t\t\t\t\t\t\t\t\t\t\t\t<input size=\"1\" type=\"text\" name=\"form_fields[field_29b04f9]\" id=\"form-field-field_29b04f9\" class=\"elementor-field elementor-size-sm  elementor-field-textual\" placeholder=\"Ej. Asunto de interes\">\n\t\t\t\t\t\t\t\t\t\t\t<\/div>\n\t\t\t\t\t\t\t\t<div class=\"elementor-field-type-textarea elementor-field-group elementor-column elementor-field-group-message elementor-col-100\">\n\t\t\t\t\t\t\t\t\t\t\t\t<label for=\"form-field-message\" class=\"elementor-field-label\">\n\t\t\t\t\t\t\t\tMensaje\t\t\t\t\t\t\t<\/label>\n\t\t\t\t\t\t<textarea class=\"elementor-field-textual elementor-field  elementor-size-sm\" name=\"form_fields[message]\" id=\"form-field-message\" rows=\"4\" placeholder=\"Mensaje a destacar\"><\/textarea>\t\t\t\t<\/div>\n\t\t\t\t\t\t\t\t<div class=\"elementor-field-type-acceptance elementor-field-group elementor-column elementor-field-group-field_44da1f8 elementor-col-100\">\n\t\t\t\t\t\t\t<div class=\"elementor-field-subgroup\">\n\t\t\t<span class=\"elementor-field-option\">\n\t\t\t\t<input type=\"checkbox\" name=\"form_fields[field_44da1f8]\" id=\"form-field-field_44da1f8\" class=\"elementor-field elementor-size-sm  elementor-acceptance-field\">\n\t\t\t\t<label for=\"form-field-field_44da1f8\">Autorizo de manera voluntaria, previa, expl\u00edcita, informada e inequ\u00edvoca a CACHARRERIA BOMBAY S.A para tratar mis datos personales, es decir, para recolectar, transferir, almacenar, usar, circular, suprimir, compartir, actualizar y transmitirlos conforme a las finalidades establecidas en la Pol\u00edtica de Tratamiento de Datos Personales prescrita por CACHARRERIA BOMBAY S.A la cual se encuentra publicada en: https:\/\/bombay.net.co\/sitio\/wp-content\/uploads\/2024\/02\/Politica-de-Tratatamiento-de-Datos-Personales.docx.pdf-Firmada.pdf  y en especial para los siguientes fines: Ofrecer productos y servicios por los siguientes canales: email, whatsapp, mensaje de texto, llamada telef\u00f3nica y para labores administrativas.<\/label>\t\t\t<\/span>\n\t\t<\/div>\n\t\t\t\t\t\t<\/div>\n\t\t\t\t\t\t\t\t<div class=\"elementor-field-type-recaptcha_v3 elementor-field-group elementor-column elementor-field-group-field_3a709de elementor-col-100 recaptcha_v3-bottomleft\">\n\t\t\t\t\t<div class=\"elementor-field\" id=\"form-field-field_3a709de\"><div class=\"elementor-g-recaptcha\" data-sitekey=\"6Lcc_fokAAAAAAX0w_sim9VHRfcMq9f956x6_NXk\" data-type=\"v3\" data-action=\"Form\" data-badge=\"bottomleft\" data-size=\"invisible\"><\/div><\/div>\t\t\t\t<\/div>\n\t\t\t\t\t\t\t\t<div class=\"elementor-field-group elementor-column elementor-field-type-submit elementor-col-100 e-form__buttons\">\n\t\t\t\t\t<button class=\"elementor-button elementor-size-sm\" type=\"submit\">\n\t\t\t\t\t\t<span class=\"elementor-button-content-wrapper\">\n\t\t\t\t\t\t\t\t\t\t\t\t\t\t\t\t\t\t\t\t\t\t<span class=\"elementor-button-text\">Enviar<\/span>\n\t\t\t\t\t\t\t\t\t\t\t\t\t<\/span>\n\t\t\t\t\t<\/button>\n\t\t\t\t<\/div>\n\t\t\t<\/div>\n\t\t<\/form>\n\t\t\t\t\t\t<\/div>\n\t\t\t\t\t<\/div>\n\t\t<\/div>\n\t\t\t\t\t<\/div>\n\t\t<\/section>\n\t\t\t\t\t<\/div>\n\t\t<\/div>\n\t\t\t\t\t<\/div>\n\t\t<\/section>\n\t\t\t\t<\/div>\n\t\t","protected":false},"excerpt":{"rendered":"<p>Cont\u00e1ctanos Nuestras sedes Sede principal &#8211; Centro de Medell\u00ednPBX: 604 514 6500\u00a0Direcci\u00f3n: Calle 47 No. 52-25, Medell\u00edn, Colombia. Sede PobladoTel\u00e9fono: 604 320 5431Direci\u00f3n: Crra 43B No. 11-50, Barrio Manila Calle de la buena mesa, Poblado, Colombia<\/p>\n","protected":false},"author":5,"featured_media":0,"parent":0,"menu_order":0,"comment_status":"closed","ping_status":"closed","template":"elementor_header_footer","meta":{"footnotes":""},"class_list":["post-62819","page","type-page","status-publish","hentry"],"_links":{"self":[{"href":"https:\/\/bombay.net.co\/sitio\/wp-json\/wp\/v2\/pages\/62819","targetHints":{"allow":["GET"]}}],"collection":[{"href":"https:\/\/bombay.net.co\/sitio\/wp-json\/wp\/v2\/pages"}],"about":[{"href":"https:\/\/bombay.net.co\/sitio\/wp-json\/wp\/v2\/types\/page"}],"author":[{"embeddable":true,"href":"https:\/\/bombay.net.co\/sitio\/wp-json\/wp\/v2\/users\/5"}],"replies":[{"embeddable":true,"href":"https:\/\/bombay.net.co\/sitio\/wp-json\/wp\/v2\/comments?post=62819"}],"version-history":[{"count":3,"href":"https:\/\/bombay.net.co\/sitio\/wp-json\/wp\/v2\/pages\/62819\/revisions"}],"predecessor-version":[{"id":82881,"href":"https:\/\/bombay.net.co\/sitio\/wp-json\/wp\/v2\/pages\/62819\/revisions\/82881"}],"wp:attachment":[{"href":"https:\/\/bombay.net.co\/sitio\/wp-json\/wp\/v2\/media?parent=62819"}],"curies":[{"name":"wp","href":"https:\/\/api.w.org\/{rel}","templated":true}]}}